{"id":17703,"date":"2024-08-02T10:10:37","date_gmt":"2024-08-02T09:10:37","guid":{"rendered":"https:\/\/buyandget.shop\/?page_id=17703"},"modified":"2024-08-02T10:31:18","modified_gmt":"2024-08-02T09:31:18","slug":"politique-de-retour-et-de-rembourement","status":"publish","type":"page","link":"https:\/\/buyandget.shop\/en\/return-and-refund-policy\/","title":{"rendered":"Return and Refund Policy"},"content":{"rendered":"<div data-elementor-type=\"wp-page\" data-elementor-id=\"17703\" class=\"elementor elementor-17703\" data-elementor-post-type=\"page\">\n\t\t\t\t<div class=\"wd-negative-gap elementor-element elementor-element-7dbf4cdc e-flex e-con-boxed e-con e-parent\" data-id=\"7dbf4cdc\" data-element_type=\"container\">\n\t\t\t\t\t<div class=\"e-con-inner\">\n\t\t\t\t<div class=\"elementor-element elementor-element-12ab5569 color-scheme-inherit text-left elementor-widget elementor-widget-text-editor\" data-id=\"12ab5569\" data-element_type=\"widget\" data-widget_type=\"text-editor.default\">\n\t\t\t\t<div class=\"elementor-widget-container\">\n\t\t\t\t\t\t\t\t\t<h3>List of items that cannot be returned, unless they have been damaged during delivery:<\/h3><ul><li>All digital devices and appliances (computers, laptops, etc.)<\/li><li>Hazardous materials\/flammable liquids or gases<\/li><li>Gift cards<\/li><li>Grocery<\/li><li>Jewelry<\/li><li>Personal care and health<br \/>products<\/li><\/ul><p>Food and groceries cannot be refunded or exchanged.<\/p><p>Only defective items can be exchanged or refunded (within 3 days of purchase).<\/p><p>The refund will be made via the original method of payment.<\/p><p>Proof of purchase will be required to receive your refund.<\/p><p>For all items (except items that cannot be returned. Please click here).<br \/><br \/><\/p><h4>Please consult our exchange policy:<\/h4><ul><li>Exchanges are made within 3 days of purchase,<\/li><li>Products must be in their original packaging, unused and in the same condition as they were delivered (undamaged).<\/li><li>Used or damaged products cannot be exchanged or refunded.<\/li><li>Must present receipt or proof of purchase.<\/li><li>Sale items cannot be exchanged or refunded. Only regular-priced items may be exchanged.<\/li><li>The customer will be responsible for paying his own shipping costs to return the item.<\/li><li>Only defective items can be exchanged or refunded.<\/li><\/ul>\t\t\t\t\t\t\t\t<\/div>\n\t\t\t\t<\/div>\n\t\t\t\t\t<\/div>\n\t\t\t\t<\/div>\n\t\t\t\t<\/div>","protected":false},"excerpt":{"rendered":"<p>Liste des articles qui ne peuvent pas \u00eatre retourn\u00e9s, sauf s&#8217;ils ont \u00e9t\u00e9 endommag\u00e9s lors de la livraison: Tous les<\/p>","protected":false},"author":1,"featured_media":0,"parent":0,"menu_order":0,"comment_status":"closed","ping_status":"closed","template":"elementor_header_footer","meta":{"footnotes":""},"class_list":["post-17703","page","type-page","status-publish","hentry"],"_links":{"self":[{"href":"https:\/\/buyandget.shop\/en\/wp-json\/wp\/v2\/pages\/17703","targetHints":{"allow":["GET"]}}],"collection":[{"href":"https:\/\/buyandget.shop\/en\/wp-json\/wp\/v2\/pages"}],"about":[{"href":"https:\/\/buyandget.shop\/en\/wp-json\/wp\/v2\/types\/page"}],"author":[{"embeddable":true,"href":"https:\/\/buyandget.shop\/en\/wp-json\/wp\/v2\/users\/1"}],"replies":[{"embeddable":true,"href":"https:\/\/buyandget.shop\/en\/wp-json\/wp\/v2\/comments?post=17703"}],"version-history":[{"count":10,"href":"https:\/\/buyandget.shop\/en\/wp-json\/wp\/v2\/pages\/17703\/revisions"}],"predecessor-version":[{"id":17715,"href":"https:\/\/buyandget.shop\/en\/wp-json\/wp\/v2\/pages\/17703\/revisions\/17715"}],"wp:attachment":[{"href":"https:\/\/buyandget.shop\/en\/wp-json\/wp\/v2\/media?parent=17703"}],"curies":[{"name":"wp","href":"https:\/\/api.w.org\/{rel}","templated":true}]}}