{"id":15694,"date":"2024-05-22T12:43:23","date_gmt":"2024-05-22T11:43:23","guid":{"rendered":"https:\/\/buyandget.shop\/?page_id=15694"},"modified":"2024-07-16T14:20:30","modified_gmt":"2024-07-16T13:20:30","slug":"livraison","status":"publish","type":"page","link":"https:\/\/buyandget.shop\/fr\/livraison\/","title":{"rendered":"Livraison"},"content":{"rendered":"\t\t<div data-elementor-type=\"wp-page\" data-elementor-id=\"15694\" class=\"elementor elementor-15694\" data-elementor-post-type=\"page\">\n\t\t\t\t<div class=\"wd-negative-gap elementor-element elementor-element-2319a6a8 e-flex e-con-boxed e-con e-parent\" data-id=\"2319a6a8\" data-element_type=\"container\">\n\t\t\t\t\t<div class=\"e-con-inner\">\n\t\t<div class=\"elementor-element elementor-element-2d61a7e6 e-con-full e-flex e-con e-child\" data-id=\"2d61a7e6\" data-element_type=\"container\">\n\t\t\t\t<div class=\"elementor-element elementor-element-333d795a elementor-widget elementor-widget-wd_infobox\" data-id=\"333d795a\" data-element_type=\"widget\" data-widget_type=\"wd_infobox.default\">\n\t\t\t\t<div class=\"elementor-widget-container\">\n\t\t\t\t\t\t\t<div class=\"info-box-wrapper\">\n\t\t\t<div class=\"wd-info-box text-left box-icon-align-left box-style-border color-scheme- wd-items-top\">\n\t\t\t\t\t\t\t\t\t<div class=\"box-icon-wrapper  box-with-icon box-icon-with-border\">\n\t\t\t\t\t\t<div class=\"info-box-icon\">\n\t\t\t\t\t\t\t\t\t\t\t\t\t\t\t<img decoding=\"async\" width=\"150\" height=\"150\" src=\"https:\/\/buyandget.shop\/wp-content\/uploads\/2024\/07\/standard-delivery-150x150.jpg\" class=\"attachment-thumbnail size-thumbnail\" alt=\"\" srcset=\"https:\/\/buyandget.shop\/wp-content\/uploads\/2024\/07\/standard-delivery-150x150.jpg 150w, https:\/\/buyandget.shop\/wp-content\/uploads\/2024\/07\/standard-delivery-250x250.jpg 250w, https:\/\/buyandget.shop\/wp-content\/uploads\/2024\/07\/standard-delivery-300x300.jpg 300w, https:\/\/buyandget.shop\/wp-content\/uploads\/2024\/07\/standard-delivery.jpg 500w\" sizes=\"(max-width: 150px) 100vw, 150px\" \/>\t\t\t\t\t\t\t\t\t\t\t\t\t<\/div>\n\t\t\t\t\t<\/div>\n\t\t\t\t\n\t\t\t\t<div class=\"info-box-content\">\n\t\t\t\t\t\n\t\t\t\t\t\t\t\t\t\t\t<h4\t\t\t\t\t\tclass=\"info-box-title title box-title-style-default wd-fontsize-m\" data-elementor-setting-key=\"title\">\n\t\t\t\t\t\t\t\tLIVRAISON STANDARD\t\t\t\t\t\t<\/h4>\n\t\t\t\t\t\n\t\t\t\t\t<div class=\"info-box-inner set-cont-mb-s reset-last-child\"data-elementor-setting-key=\"content\"><p>Votre colis est livr\u00e9 en 24h<\/p>\n<\/div>\n\n\t\t\t\t\t\t\t\t\t<\/div>\n\n\t\t\t\t\t\t\t\t\t<a href=\"#\" class=\"wd-info-box-link wd-fill\" aria-label=\"Infobox link\"><\/a>\n\t\t\t\t\t\t\t<\/div>\n\t\t<\/div>\n\t\t\t\t\t\t<\/div>\n\t\t\t\t<\/div>\n\t\t\t\t<\/div>\n\t\t<div class=\"elementor-element elementor-element-4e608659 e-con-full e-flex e-con e-child\" data-id=\"4e608659\" data-element_type=\"container\">\n\t\t\t\t<div class=\"elementor-element elementor-element-2788ad38 elementor-widget elementor-widget-wd_infobox\" data-id=\"2788ad38\" data-element_type=\"widget\" data-widget_type=\"wd_infobox.default\">\n\t\t\t\t<div class=\"elementor-widget-container\">\n\t\t\t\t\t\t\t<div class=\"info-box-wrapper\">\n\t\t\t<div class=\"wd-info-box text-left box-icon-align-left box-style-border color-scheme- wd-items-top\">\n\t\t\t\t\t\t\t\t\t<div class=\"box-icon-wrapper  box-with-icon box-icon-with-border\">\n\t\t\t\t\t\t<div class=\"info-box-icon\">\n\t\t\t\t\t\t\t\t\t\t\t\t\t\t\t<img decoding=\"async\" width=\"150\" height=\"150\" src=\"https:\/\/buyandget.shop\/wp-content\/uploads\/2024\/07\/express-delivery-150x150.jpg\" class=\"attachment-thumbnail size-thumbnail\" alt=\"\" srcset=\"https:\/\/buyandget.shop\/wp-content\/uploads\/2024\/07\/express-delivery-150x150.jpg 150w, https:\/\/buyandget.shop\/wp-content\/uploads\/2024\/07\/express-delivery-250x250.jpg 250w, https:\/\/buyandget.shop\/wp-content\/uploads\/2024\/07\/express-delivery-300x300.jpg 300w, https:\/\/buyandget.shop\/wp-content\/uploads\/2024\/07\/express-delivery.jpg 500w\" sizes=\"(max-width: 150px) 100vw, 150px\" \/>\t\t\t\t\t\t\t\t\t\t\t\t\t<\/div>\n\t\t\t\t\t<\/div>\n\t\t\t\t\n\t\t\t\t<div class=\"info-box-content\">\n\t\t\t\t\t\n\t\t\t\t\t\t\t\t\t\t\t<h4\t\t\t\t\t\tclass=\"info-box-title title box-title-style-default wd-fontsize-m\" data-elementor-setting-key=\"title\">\n\t\t\t\t\t\t\t\tLIVRAISON EXPRESS\t\t\t\t\t\t<\/h4>\n\t\t\t\t\t\n\t\t\t\t\t<div class=\"info-box-inner set-cont-mb-s reset-last-child\"data-elementor-setting-key=\"content\"><p>Votre colis est livr\u00e9 en 2h apr\u00e8s la commande<\/p>\n<\/div>\n\n\t\t\t\t\t\t\t\t\t<\/div>\n\n\t\t\t\t\t\t\t\t\t<a href=\"#\" class=\"wd-info-box-link wd-fill\" aria-label=\"Infobox link\"><\/a>\n\t\t\t\t\t\t\t<\/div>\n\t\t<\/div>\n\t\t\t\t\t\t<\/div>\n\t\t\t\t<\/div>\n\t\t\t\t<\/div>\n\t\t\t\t\t<\/div>\n\t\t\t\t<\/div>\n\t\t\t\t<\/div>\n\t\t","protected":false},"excerpt":{"rendered":"<p>LIVRAISON STANDARD Votre colis est livr\u00e9 en 24h LIVRAISON EXPRESS Votre colis est livr\u00e9 en 2h apr\u00e8s la commande<\/p>\n","protected":false},"author":1,"featured_media":0,"parent":0,"menu_order":0,"comment_status":"closed","ping_status":"closed","template":"elementor_header_footer","meta":{"footnotes":""},"class_list":["post-15694","page","type-page","status-publish","hentry"],"_links":{"self":[{"href":"https:\/\/buyandget.shop\/fr\/wp-json\/wp\/v2\/pages\/15694","targetHints":{"allow":["GET"]}}],"collection":[{"href":"https:\/\/buyandget.shop\/fr\/wp-json\/wp\/v2\/pages"}],"about":[{"href":"https:\/\/buyandget.shop\/fr\/wp-json\/wp\/v2\/types\/page"}],"author":[{"embeddable":true,"href":"https:\/\/buyandget.shop\/fr\/wp-json\/wp\/v2\/users\/1"}],"replies":[{"embeddable":true,"href":"https:\/\/buyandget.shop\/fr\/wp-json\/wp\/v2\/comments?post=15694"}],"version-history":[{"count":4,"href":"https:\/\/buyandget.shop\/fr\/wp-json\/wp\/v2\/pages\/15694\/revisions"}],"predecessor-version":[{"id":17585,"href":"https:\/\/buyandget.shop\/fr\/wp-json\/wp\/v2\/pages\/15694\/revisions\/17585"}],"wp:attachment":[{"href":"https:\/\/buyandget.shop\/fr\/wp-json\/wp\/v2\/media?parent=15694"}],"curies":[{"name":"wp","href":"https:\/\/api.w.org\/{rel}","templated":true}]}}