{"id":15696,"date":"2024-05-22T12:44:48","date_gmt":"2024-05-22T11:44:48","guid":{"rendered":"https:\/\/buyandget.shop\/?page_id=15696"},"modified":"2024-07-16T14:08:59","modified_gmt":"2024-07-16T13:08:59","slug":"paiement","status":"publish","type":"page","link":"https:\/\/buyandget.shop\/fr\/paiement\/","title":{"rendered":"Paiement"},"content":{"rendered":"\t\t<div data-elementor-type=\"wp-page\" data-elementor-id=\"15696\" class=\"elementor elementor-15696\" data-elementor-post-type=\"page\">\n\t\t\t\t<div class=\"wd-negative-gap elementor-element elementor-element-65617ddd e-flex e-con-boxed e-con e-parent\" data-id=\"65617ddd\" data-element_type=\"container\">\n\t\t\t\t\t<div class=\"e-con-inner\">\n\t\t<div class=\"elementor-element elementor-element-6c63a0b0 e-con-full e-flex e-con e-child\" data-id=\"6c63a0b0\" data-element_type=\"container\">\n\t\t\t\t<div class=\"elementor-element elementor-element-7537331f elementor-widget elementor-widget-wd_infobox\" data-id=\"7537331f\" data-element_type=\"widget\" data-widget_type=\"wd_infobox.default\">\n\t\t\t\t<div class=\"elementor-widget-container\">\n\t\t\t\t\t\t\t<div class=\"info-box-wrapper\">\n\t\t\t<div class=\"wd-info-box text-left box-icon-align-left box-style-border color-scheme- wd-items-top\">\n\t\t\t\t\t\t\t\t\t<div class=\"box-icon-wrapper  box-with-icon box-icon-with-border\">\n\t\t\t\t\t\t<div class=\"info-box-icon\">\n\t\t\t\t\t\t\t\t\t\t\t\t\t\t\t<img decoding=\"async\" width=\"150\" height=\"150\" src=\"https:\/\/buyandget.shop\/wp-content\/uploads\/2024\/07\/airtelmoney-150x150.jpg\" class=\"attachment-thumbnail size-thumbnail\" alt=\"\" srcset=\"https:\/\/buyandget.shop\/wp-content\/uploads\/2024\/07\/airtelmoney-150x150.jpg 150w, https:\/\/buyandget.shop\/wp-content\/uploads\/2024\/07\/airtelmoney-250x250.jpg 250w, https:\/\/buyandget.shop\/wp-content\/uploads\/2024\/07\/airtelmoney-300x300.jpg 300w, https:\/\/buyandget.shop\/wp-content\/uploads\/2024\/07\/airtelmoney.jpg 500w\" sizes=\"(max-width: 150px) 100vw, 150px\" \/>\t\t\t\t\t\t\t\t\t\t\t\t\t<\/div>\n\t\t\t\t\t<\/div>\n\t\t\t\t\n\t\t\t\t<div class=\"info-box-content\">\n\t\t\t\t\t\n\t\t\t\t\t\t\t\t\t\t\t<h4\t\t\t\t\t\tclass=\"info-box-title title box-title-style-default wd-fontsize-m\" data-elementor-setting-key=\"title\">\n\t\t\t\t\t\t\t\tComment envoyer de l'argent?\t\t\t\t\t\t<\/h4>\n\t\t\t\t\t\n\t\t\t\t\t<div class=\"info-box-inner set-cont-mb-s reset-last-child\"data-elementor-setting-key=\"content\"><p><strong>Etape 1:<\/strong> Composez le *501# et validez\u00a0<\/p>\n<p><strong>Etape 2:<\/strong> Choisissez 1 (Pour la devise USD)\u00a0<\/p>\n<p><strong>Etape 3:<\/strong> Choisir 1 (Envoi argent)\u00a0<\/p>\n<p><strong>Etape 4:<\/strong> Entrez le num\u00e9ro : 099 *** ***\u00a0<\/p>\n<p><strong>Etape 5:<\/strong> Saisissez le montant du transfert\u00a0<\/p>\n<p><strong>Etape 6:<\/strong> Saisir le code PIN (mot de passe)<\/p>\n<\/div>\n\n\t\t\t\t\t\t\t\t\t<\/div>\n\n\t\t\t\t\t\t\t\t\t<a href=\"#\" class=\"wd-info-box-link wd-fill\" aria-label=\"Infobox link\"><\/a>\n\t\t\t\t\t\t\t<\/div>\n\t\t<\/div>\n\t\t\t\t\t\t<\/div>\n\t\t\t\t<\/div>\n\t\t\t\t<\/div>\n\t\t<div class=\"elementor-element elementor-element-1e504dfb e-con-full e-flex e-con e-child\" data-id=\"1e504dfb\" data-element_type=\"container\">\n\t\t\t\t<div class=\"elementor-element elementor-element-554dabe0 elementor-widget elementor-widget-wd_infobox\" data-id=\"554dabe0\" data-element_type=\"widget\" data-widget_type=\"wd_infobox.default\">\n\t\t\t\t<div class=\"elementor-widget-container\">\n\t\t\t\t\t\t\t<div class=\"info-box-wrapper\">\n\t\t\t<div class=\"wd-info-box text-left box-icon-align-left box-style-border color-scheme- wd-items-top\">\n\t\t\t\t\t\t\t\t\t<div class=\"box-icon-wrapper  box-with-icon box-icon-with-border\">\n\t\t\t\t\t\t<div class=\"info-box-icon\">\n\t\t\t\t\t\t\t\t\t\t\t\t\t\t\t<img decoding=\"async\" width=\"150\" height=\"150\" src=\"https:\/\/buyandget.shop\/wp-content\/uploads\/2024\/07\/m-pesa-150x150.jpg\" class=\"attachment-thumbnail size-thumbnail\" alt=\"\" srcset=\"https:\/\/buyandget.shop\/wp-content\/uploads\/2024\/07\/m-pesa-150x150.jpg 150w, https:\/\/buyandget.shop\/wp-content\/uploads\/2024\/07\/m-pesa-250x250.jpg 250w, https:\/\/buyandget.shop\/wp-content\/uploads\/2024\/07\/m-pesa-300x300.jpg 300w, https:\/\/buyandget.shop\/wp-content\/uploads\/2024\/07\/m-pesa.jpg 500w\" sizes=\"(max-width: 150px) 100vw, 150px\" \/>\t\t\t\t\t\t\t\t\t\t\t\t\t<\/div>\n\t\t\t\t\t<\/div>\n\t\t\t\t\n\t\t\t\t<div class=\"info-box-content\">\n\t\t\t\t\t\n\t\t\t\t\t\t\t\t\t\t\t<h4\t\t\t\t\t\tclass=\"info-box-title title box-title-style-default wd-fontsize-m\" data-elementor-setting-key=\"title\">\n\t\t\t\t\t\t\t\tComment envoyer de l'argent?\t\t\t\t\t\t<\/h4>\n\t\t\t\t\t\n\t\t\t\t\t<div class=\"info-box-inner set-cont-mb-s reset-last-child\"data-elementor-setting-key=\"content\"><p><strong>Etape 1:<\/strong> Composez le *1222# et validez\u00a0<\/p>\n<p><strong>Etape 2:<\/strong> Choisir 1 (USD)\u00a0<\/p>\n<p><strong>Etape 3:<\/strong> S\u00e9lectionnez \u201cEnvoi argent\u201d\u00a0<\/p>\n<p><strong>Etape 4:<\/strong> Entrez le num\u00e9ro du b\u00e9n\u00e9ficiaire\u00a0<\/p>\n<p><strong>Etape 5:<\/strong> Inscrivez le montant que vous envoyez Etape 6 : Tapez votre code PIN secret<\/p>\n<\/div>\n\n\t\t\t\t\t\t\t\t\t<\/div>\n\n\t\t\t\t\t\t\t\t\t<a href=\"#\" class=\"wd-info-box-link wd-fill\" aria-label=\"Infobox link\"><\/a>\n\t\t\t\t\t\t\t<\/div>\n\t\t<\/div>\n\t\t\t\t\t\t<\/div>\n\t\t\t\t<\/div>\n\t\t\t\t<\/div>\n\t\t<div class=\"elementor-element elementor-element-5680ec1f e-con-full e-flex e-con e-child\" data-id=\"5680ec1f\" data-element_type=\"container\">\n\t\t\t\t<div class=\"elementor-element elementor-element-62d9c0d3 elementor-widget elementor-widget-wd_infobox\" data-id=\"62d9c0d3\" data-element_type=\"widget\" data-widget_type=\"wd_infobox.default\">\n\t\t\t\t<div class=\"elementor-widget-container\">\n\t\t\t\t\t\t\t<div class=\"info-box-wrapper\">\n\t\t\t<div class=\"wd-info-box text-left box-icon-align-left box-style-border color-scheme- wd-items-top\">\n\t\t\t\t\t\t\t\t\t<div class=\"box-icon-wrapper  box-with-icon box-icon-with-border\">\n\t\t\t\t\t\t<div class=\"info-box-icon\">\n\t\t\t\t\t\t\t\t\t\t\t\t\t\t\t<img decoding=\"async\" width=\"150\" height=\"150\" src=\"https:\/\/buyandget.shop\/wp-content\/uploads\/2024\/07\/Orange-Money-150x150.jpg\" class=\"attachment-thumbnail size-thumbnail\" alt=\"\" srcset=\"https:\/\/buyandget.shop\/wp-content\/uploads\/2024\/07\/Orange-Money-150x150.jpg 150w, https:\/\/buyandget.shop\/wp-content\/uploads\/2024\/07\/Orange-Money-250x250.jpg 250w, https:\/\/buyandget.shop\/wp-content\/uploads\/2024\/07\/Orange-Money-300x300.jpg 300w, https:\/\/buyandget.shop\/wp-content\/uploads\/2024\/07\/Orange-Money.jpg 500w\" sizes=\"(max-width: 150px) 100vw, 150px\" \/>\t\t\t\t\t\t\t\t\t\t\t\t\t<\/div>\n\t\t\t\t\t<\/div>\n\t\t\t\t\n\t\t\t\t<div class=\"info-box-content\">\n\t\t\t\t\t\n\t\t\t\t\t\t\t\t\t\t\t<h4\t\t\t\t\t\tclass=\"info-box-title title box-title-style-default wd-fontsize-m\" data-elementor-setting-key=\"title\">\n\t\t\t\t\t\t\t\tComment envoyer de l'argent?\t\t\t\t\t\t<\/h4>\n\t\t\t\t\t\n\t\t\t\t\t<div class=\"info-box-inner set-cont-mb-s reset-last-child\"data-elementor-setting-key=\"content\"><p><strong>Etape 1:<\/strong> Composez le *144# et validez\u00a0<\/p>\n<p><strong>Etape 2:<\/strong> Choisir 1 puis validez\u00a0<\/p>\n<p><strong>Etape 3:<\/strong> Choisir 1 puis validez\u00a0<\/p>\n<p><strong>Etape 4:<\/strong> Choisir 1 puis validez\u00a0<\/p>\n<p><strong>Etape 5:<\/strong> Saisir le num\u00e9ro du b\u00e9n\u00e9ficiaire\u00a0<\/p>\n<p><strong>Etape 6:<\/strong> Saisir le montant du transfert\u00a0<\/p>\n<p><strong>Etape 7:<\/strong> Saisir le code PIN (mot de passe)\u00a0<\/p>\n<p><strong>Etape 8:<\/strong> SMS de notification de la transaction \u00e0 confirmer<\/p>\n<\/div>\n\n\t\t\t\t\t\t\t\t\t<\/div>\n\n\t\t\t\t\t\t\t\t\t<a href=\"#\" class=\"wd-info-box-link wd-fill\" aria-label=\"Infobox link\"><\/a>\n\t\t\t\t\t\t\t<\/div>\n\t\t<\/div>\n\t\t\t\t\t\t<\/div>\n\t\t\t\t<\/div>\n\t\t\t\t<\/div>\n\t\t<div class=\"elementor-element elementor-element-16c22f76 e-con-full e-flex e-con e-child\" data-id=\"16c22f76\" data-element_type=\"container\">\n\t\t\t\t<div class=\"elementor-element elementor-element-54b5dd54 elementor-widget elementor-widget-wd_infobox\" data-id=\"54b5dd54\" data-element_type=\"widget\" data-widget_type=\"wd_infobox.default\">\n\t\t\t\t<div class=\"elementor-widget-container\">\n\t\t\t\t\t\t\t<div class=\"info-box-wrapper\">\n\t\t\t<div class=\"wd-info-box text-left box-icon-align-left box-style-border color-scheme- wd-items-top\">\n\t\t\t\t\t\t\t\t\t<div class=\"box-icon-wrapper  box-with-icon box-icon-with-border\">\n\t\t\t\t\t\t<div class=\"info-box-icon\">\n\t\t\t\t\t\t\t\t\t\t\t\t\t\t\t<img loading=\"lazy\" decoding=\"async\" width=\"150\" height=\"150\" src=\"https:\/\/buyandget.shop\/wp-content\/uploads\/2024\/07\/taptap-150x150.jpg\" class=\"attachment-thumbnail size-thumbnail\" alt=\"\" srcset=\"https:\/\/buyandget.shop\/wp-content\/uploads\/2024\/07\/taptap-150x150.jpg 150w, https:\/\/buyandget.shop\/wp-content\/uploads\/2024\/07\/taptap-250x250.jpg 250w, https:\/\/buyandget.shop\/wp-content\/uploads\/2024\/07\/taptap-300x300.jpg 300w, https:\/\/buyandget.shop\/wp-content\/uploads\/2024\/07\/taptap.jpg 500w\" sizes=\"(max-width: 150px) 100vw, 150px\" \/>\t\t\t\t\t\t\t\t\t\t\t\t\t<\/div>\n\t\t\t\t\t<\/div>\n\t\t\t\t\n\t\t\t\t<div class=\"info-box-content\">\n\t\t\t\t\t\n\t\t\t\t\t\t\t\t\t\t\t<h4\t\t\t\t\t\tclass=\"info-box-title title box-title-style-default wd-fontsize-m\" data-elementor-setting-key=\"title\">\n\t\t\t\t\t\t\t\tComment envoyer de l'argent?\u200b\u200b\t\t\t\t\t\t<\/h4>\n\t\t\t\t\t\n\t\t\t\t\t<div class=\"info-box-inner set-cont-mb-s reset-last-child\"data-elementor-setting-key=\"content\"><p><strong>Etape 1:<\/strong> Depuis votre t\u00e9l\u00e9phone, t\u00e9l\u00e9chargez l\u2019application\u00a0 Taptap Send\u00a0<\/p>\n<p><strong>Etape 2:<\/strong> Inscrivez-vous et entrez vos informations<\/p>\n<p><strong>Etape 3:<\/strong> Entrez le nom et le num\u00e9ro de t\u00e9l\u00e9phone portable de\u00a0 votre destinataire\u00a0<\/p>\n<p><strong>Etape 4:<\/strong> Envoie<\/p>\n<\/div>\n\n\t\t\t\t\t\t\t\t\t<\/div>\n\n\t\t\t\t\t\t\t\t\t<a href=\"#\" class=\"wd-info-box-link wd-fill\" aria-label=\"Infobox link\"><\/a>\n\t\t\t\t\t\t\t<\/div>\n\t\t<\/div>\n\t\t\t\t\t\t<\/div>\n\t\t\t\t<\/div>\n\t\t\t\t<\/div>\n\t\t\t\t\t<\/div>\n\t\t\t\t<\/div>\n\t\t\t\t<\/div>\n\t\t","protected":false},"excerpt":{"rendered":"<p>Comment envoyer de l&#8217;argent? Etape 1: Composez le *501# et validez\u00a0 Etape 2: Choisissez 1 (Pour la devise USD)\u00a0 Etape<\/p>\n","protected":false},"author":1,"featured_media":0,"parent":0,"menu_order":0,"comment_status":"closed","ping_status":"closed","template":"elementor_header_footer","meta":{"footnotes":""},"class_list":["post-15696","page","type-page","status-publish","hentry"],"_links":{"self":[{"href":"https:\/\/buyandget.shop\/fr\/wp-json\/wp\/v2\/pages\/15696","targetHints":{"allow":["GET"]}}],"collection":[{"href":"https:\/\/buyandget.shop\/fr\/wp-json\/wp\/v2\/pages"}],"about":[{"href":"https:\/\/buyandget.shop\/fr\/wp-json\/wp\/v2\/types\/page"}],"author":[{"embeddable":true,"href":"https:\/\/buyandget.shop\/fr\/wp-json\/wp\/v2\/users\/1"}],"replies":[{"embeddable":true,"href":"https:\/\/buyandget.shop\/fr\/wp-json\/wp\/v2\/comments?post=15696"}],"version-history":[{"count":13,"href":"https:\/\/buyandget.shop\/fr\/wp-json\/wp\/v2\/pages\/15696\/revisions"}],"predecessor-version":[{"id":17570,"href":"https:\/\/buyandget.shop\/fr\/wp-json\/wp\/v2\/pages\/15696\/revisions\/17570"}],"wp:attachment":[{"href":"https:\/\/buyandget.shop\/fr\/wp-json\/wp\/v2\/media?parent=15696"}],"curies":[{"name":"wp","href":"https:\/\/api.w.org\/{rel}","templated":true}]}}