{"id":17703,"date":"2024-08-02T10:10:37","date_gmt":"2024-08-02T09:10:37","guid":{"rendered":"https:\/\/buyandget.shop\/?page_id=17703"},"modified":"2024-08-02T10:31:18","modified_gmt":"2024-08-02T09:31:18","slug":"politique-de-retour-et-de-rembourement","status":"publish","type":"page","link":"https:\/\/buyandget.shop\/fr\/politique-de-retour-et-de-rembourement\/","title":{"rendered":"Politique de Retour et de Rembourement"},"content":{"rendered":"\t\t<div data-elementor-type=\"wp-page\" data-elementor-id=\"17703\" class=\"elementor elementor-17703\" data-elementor-post-type=\"page\">\n\t\t\t\t<div class=\"wd-negative-gap elementor-element elementor-element-7dbf4cdc e-flex e-con-boxed e-con e-parent\" data-id=\"7dbf4cdc\" data-element_type=\"container\">\n\t\t\t\t\t<div class=\"e-con-inner\">\n\t\t\t\t<div class=\"elementor-element elementor-element-12ab5569 color-scheme-inherit text-left elementor-widget elementor-widget-text-editor\" data-id=\"12ab5569\" data-element_type=\"widget\" data-widget_type=\"text-editor.default\">\n\t\t\t\t<div class=\"elementor-widget-container\">\n\t\t\t\t\t\t\t\t\t<h3>Liste des articles qui ne peuvent pas \u00eatre retourn\u00e9s, sauf s&#8217;ils ont \u00e9t\u00e9 endommag\u00e9s lors de la livraison:<\/h3><ul><li>Tous les appareils num\u00e9riques et appareils (ordinateurs, ordinateurs portables, etc.)<\/li><li>Mati\u00e8res dangereuses\/liquides ou gaz inflammables<\/li><li>Cartes-cadeaux<\/li><li>\u00c9picerie<\/li><li>Bijoux<\/li><li>Soins personnels et sant\u00e9<br \/>des produits<\/li><\/ul><p>La nourriture ou les articles d&#8217;\u00e9picerie ne peuvent \u00eatre ni rembours\u00e9s ni \u00e9chang\u00e9s.<\/p><p>Seuls les articles d\u00e9fectueux peuvent \u00eatre \u00e9chang\u00e9s ou rembours\u00e9s (dans les 3 jours suivant l&#8217;achat).<\/p><p>Le remboursement sera effectu\u00e9 via le mode de paiement original.<\/p><p>Une preuve d&#8217;achat vous sera demand\u00e9e pour recevoir votre remboursement.<\/p><p>Pour tous les articles (\u00e0 l&#8217;exception des articles qui ne peuvent pas \u00eatre retourn\u00e9s. Veuillez cliquer ici).<br \/><br \/><\/p><h4>Veuillez consulter notre politique d&#8217;\u00e9change:<\/h4><ul><li>L&#8217;\u00e9change est effectu\u00e9 dans les 3 jours suivant l&#8217;achat,<\/li><li>Les produits doivent \u00eatre dans leur emballage d&#8217;origine, non utilis\u00e9s et dans le m\u00eame \u00e9tat qu&#8217;ils ont \u00e9t\u00e9 livr\u00e9s (non endommag\u00e9s).<\/li><li>Les produits utilis\u00e9s ou endommag\u00e9s ne sont ni \u00e9changeables ni rembours\u00e9s.<\/li><li>Doit pr\u00e9senter un re\u00e7u ou une preuve d&#8217;achat.<\/li><li>Les articles sold\u00e9s ne peuvent \u00eatre \u00e9chang\u00e9s ni rembours\u00e9s. Seuls les articles \u00e0 prix r\u00e9gulier peuvent \u00eatre \u00e9chang\u00e9s.<\/li><li>Le client sera responsable de payer ses propres frais d&#8217;exp\u00e9dition pour retourner son article.<\/li><li>Seuls les articles d\u00e9fectueux peuvent \u00eatre \u00e9chang\u00e9s ou rembours\u00e9s.<\/li><\/ul>\t\t\t\t\t\t\t\t<\/div>\n\t\t\t\t<\/div>\n\t\t\t\t\t<\/div>\n\t\t\t\t<\/div>\n\t\t\t\t<\/div>\n\t\t","protected":false},"excerpt":{"rendered":"<p>Liste des articles qui ne peuvent pas \u00eatre retourn\u00e9s, sauf s&#8217;ils ont \u00e9t\u00e9 endommag\u00e9s lors de la livraison: Tous les<\/p>\n","protected":false},"author":1,"featured_media":0,"parent":0,"menu_order":0,"comment_status":"closed","ping_status":"closed","template":"elementor_header_footer","meta":{"footnotes":""},"class_list":["post-17703","page","type-page","status-publish","hentry"],"_links":{"self":[{"href":"https:\/\/buyandget.shop\/fr\/wp-json\/wp\/v2\/pages\/17703","targetHints":{"allow":["GET"]}}],"collection":[{"href":"https:\/\/buyandget.shop\/fr\/wp-json\/wp\/v2\/pages"}],"about":[{"href":"https:\/\/buyandget.shop\/fr\/wp-json\/wp\/v2\/types\/page"}],"author":[{"embeddable":true,"href":"https:\/\/buyandget.shop\/fr\/wp-json\/wp\/v2\/users\/1"}],"replies":[{"embeddable":true,"href":"https:\/\/buyandget.shop\/fr\/wp-json\/wp\/v2\/comments?post=17703"}],"version-history":[{"count":10,"href":"https:\/\/buyandget.shop\/fr\/wp-json\/wp\/v2\/pages\/17703\/revisions"}],"predecessor-version":[{"id":17715,"href":"https:\/\/buyandget.shop\/fr\/wp-json\/wp\/v2\/pages\/17703\/revisions\/17715"}],"wp:attachment":[{"href":"https:\/\/buyandget.shop\/fr\/wp-json\/wp\/v2\/media?parent=17703"}],"curies":[{"name":"wp","href":"https:\/\/api.w.org\/{rel}","templated":true}]}}