{"id":15920,"date":"2024-05-28T08:30:46","date_gmt":"2024-05-28T07:30:46","guid":{"rendered":"https:\/\/buyandget.shop\/?post_type=product&#038;p=15920"},"modified":"2024-05-28T08:30:55","modified_gmt":"2024-05-28T07:30:55","slug":"leonidas-santiago-box","status":"publish","type":"product","link":"https:\/\/buyandget.shop\/fr\/product\/leonidas-santiago-box\/","title":{"rendered":"LEONIDAS &#8211; Santiago Box"},"content":{"rendered":"<h2 class=\"product__title-details\" style=\"font-family: ApercuPro, sans-serif; line-height: 20px; padding: 5px 0px 5px 20px; font-size: 18px; background-color: #f2f2f2; width: 939px; height: 45px; text-transform: uppercase; color: #303030;\">INGREDIENTS<\/h2>\n<h5>Sucre, masse de cacao, cr\u00e8me de lait, sirop de cuberdon (sirop de glucose, glucose, ar\u00f4mes, colorants: carmin,beurre de cacao,\u00a0<span style=\"color: #05195e;\"><strong>LAIT<\/strong>\u00a0<\/span>entier en poudre,\u00a0<span style=\"color: #05195e;\"><strong>NOISETTES<\/strong><\/span>,\u00a0charbon v\u00e9g\u00e9tal),\u00a0<span style=\"color: #05195e;\"><strong>BEURRE<\/strong><\/span>\u00a0anhydre,\u00a0<span style=\"color: #05195e;\"><strong>LAIT<\/strong><\/span>\u00a0condens\u00e9 sucr\u00e9,\u00a0<span style=\"color: #05195e;\"><strong>BEURRE<\/strong><\/span>, sirop de glucose, sucre inverti, humectants\u00a0(sirop de sorbitol, sorbitol), \u00e9mulsifiants (l\u00e9cithine de\u00a0<span style=\"color: #05195e;\"><strong>SOJA<\/strong><\/span>, l\u00e9cithine de tournesol),\u00a0eau, poudre de caramel avec mati\u00e8re grasse\u00a0<span style=\"color: #05195e;\"><strong>LAITI\u00c8RE<\/strong><\/span>\u00a0(poudre de\u00a0<span style=\"color: #05195e;\"><strong>LAIT<\/strong><\/span>\u00a0\u00e9cr\u00e9m\u00e9, lactos\u00e9rum en poudre (<span style=\"color: #05195e;\"><strong>LAIT<\/strong><\/span>), sucre, mati\u00e8re grasse\u00a0<span style=\"color: #05195e;\"><strong>LAITI\u00c8RE<\/strong><\/span>\u00a0anhydre, ar\u00f4me naturel de vanille, citron confit, farine de\u00a0<span style=\"color: #05195e;\"><strong>BL\u00c9<\/strong><\/span>,\u00a0<span style=\"color: #05195e;\"><strong>AMANDES<\/strong><\/span>, ar\u00f4mes, caf\u00e9,\u00a0 farine de riz, dextrose, sirop de glucose-fructose, poudre de cacao maigre, sucre de canne, glyc\u00e9rine v\u00e9g\u00e9tale,\u00a0<span style=\"color: #05195e;\"><strong>LACTOSE<\/strong><\/span>, conservateur : sorbate de potassium, poudre de cacao alcalinis\u00e9, framboises, jus de framboise concentr\u00e9, sucre caram\u00e9lis\u00e9, acidifiant : acide citrique, sel,\u00a0colorants (rouge betterave, complexes cuivriques de chlorophylle), caramel,\u00a0<span style=\"color: #05195e;\"><strong>AMANDES<\/strong><\/span>\u00a0am\u00e8res, sel de Gu\u00e9rande, jus de citron concentr\u00e9, poudres \u00e0 lever (pyrophosphate disodique, bicarbonate de sodium), amidon modifi\u00e9, invertase, extrait de vanille, dioxyde de carbone, \u00e9paississants (agar-agar, pectine), concentr\u00e9s v\u00e9g\u00e9taux (carotte, hibiscus), pectine, extrait de curcumine. Avec du chocolat au\u00a0<span style=\"color: #05195e;\"><strong>LAIT<\/strong><\/span>\u00a0(min. 30% de cacao, min. 22% de mati\u00e8re s\u00e8che de\u00a0<span style=\"color: #05195e;\"><strong>LAIT<\/strong><\/span>), chocolat noir (min. 54% de cacao), chocolat blanc (min. 25% de cacao, min. 22% de mati\u00e8re s\u00e8che de\u00a0<span style=\"color: #05195e;\"><strong>LAIT<\/strong><\/span>), chocolat blanc au caramel (min. 26% de cacao).<\/h5>\n<h6 class=\"product__title-details\" style=\"font-family: ApercuPro, sans-serif; line-height: 20px; padding: 5px 0px 5px 20px; font-size: 18px; background-color: #f2f2f2; width: 939px; height: 45px; text-transform: uppercase; color: #303030;\">CONSERVATION<\/h6>\n<h5>\u00a0 \u00a0 \u00a0 \u00a0To be stored in a cool dry place<\/h5>\n<h6 class=\"product__title-details\" style=\"font-family: ApercuPro, sans-serif; line-height: 20px; padding: 5px 0px 5px 20px; font-size: 18px; background-color: #f2f2f2; width: 939px; height: 45px; text-transform: uppercase; color: #303030; text-align: left;\">ALLERGENS<\/h6>\n<h5>\u00a0 \u00a0 \u00a0\u00a0This product may contain traces of : Nuts,Gluten,Eggs<\/h5>\n<h6 class=\"product__title-details\" style=\"font-family: ApercuPro, sans-serif; line-height: 20px; padding: 5px 0px 5px 20px; font-size: 18px; background-color: #f2f2f2; width: 939px; height: 45px; text-transform: uppercase; color: #303030;\">NUTRITIONAL INFORMATION<\/h6>\n<h5>\u00a0 \u00a0 \u00a0 \u00a0<span style=\"text-decoration: underline;\">\u00a0Not Cooked\u00a0&#8211;\u00a0Average Nutritional Value per 100g\u00a0<\/span><\/h5>\n<h5>\u00a0 \u00a0 \u00a0 \u00a0 \u00a0Energy kcal : 518 kcal<\/h5>\n<h5>\u00a0 \u00a0 \u00a0 \u00a0 \u00a0Total Fat : 31 g<\/h5>\n<h5>\u00a0 \u00a0 \u00a0 \u00a0 \u00a0Fat : 17 g<\/h5>\n<h5>\u00a0 \u00a0 \u00a0 \u00a0 \u00a0Carbohydrates : 51 g<\/h5>\n<h5>\u00a0 \u00a0 \u00a0 \u00a0 \u00a0 Sugar : 45 g<\/h5>\n<h5>\u00a0 \u00a0 \u00a0 \u00a0 \u00a0 Fiber : 2 g<\/h5>\n<h5>\u00a0 \u00a0 \u00a0 \u00a0 \u00a0 Protein : 5 g<\/h5>\n<h5>\u00a0 \u00a0 \u00a0 \u00a0 \u00a0 Salt : 0.1 g<\/h5>\n<h5>\u00a0 \u00a0 \u00a0 \u00a0 \u00a0 Energy kJ : 2167 kJ<\/h5>\n<h2 class=\"product__title-details\" style=\"font-family: ApercuPro, sans-serif; line-height: 20px; padding: 5px 0px 5px 20px; font-size: 18px; background-color: #f2f2f2; width: 939px; height: 45px; text-transform: uppercase; color: #303030;\">MINERALS<\/h2>\n","protected":false},"excerpt":{"rendered":"<p>INGREDIENTS Sucre, masse de cacao, cr\u00e8me de lait, sirop de cuberdon (sirop de glucose, glucose, ar\u00f4mes, colorants: carmin,beurre de cacao,\u00a0LAIT\u00a0entier<\/p>\n","protected":false},"featured_media":15940,"template":"","meta":[],"product_brand":[],"product_cat":[85],"product_tag":[],"class_list":{"0":"post-15920","1":"product","2":"type-product","3":"status-publish","4":"has-post-thumbnail","6":"product_cat-animaux","8":"first","9":"instock","10":"shipping-taxable","11":"product-type-simple"},"_links":{"self":[{"href":"https:\/\/buyandget.shop\/fr\/wp-json\/wp\/v2\/product\/15920","targetHints":{"allow":["GET"]}}],"collection":[{"href":"https:\/\/buyandget.shop\/fr\/wp-json\/wp\/v2\/product"}],"about":[{"href":"https:\/\/buyandget.shop\/fr\/wp-json\/wp\/v2\/types\/product"}],"version-history":[{"count":1,"href":"https:\/\/buyandget.shop\/fr\/wp-json\/wp\/v2\/product\/15920\/revisions"}],"predecessor-version":[{"id":15941,"href":"https:\/\/buyandget.shop\/fr\/wp-json\/wp\/v2\/product\/15920\/revisions\/15941"}],"wp:featuredmedia":[{"embeddable":true,"href":"https:\/\/buyandget.shop\/fr\/wp-json\/wp\/v2\/media\/15940"}],"wp:attachment":[{"href":"https:\/\/buyandget.shop\/fr\/wp-json\/wp\/v2\/media?parent=15920"}],"wp:term":[{"taxonomy":"product_brand","embeddable":true,"href":"https:\/\/buyandget.shop\/fr\/wp-json\/wp\/v2\/product_brand?post=15920"},{"taxonomy":"product_cat","embeddable":true,"href":"https:\/\/buyandget.shop\/fr\/wp-json\/wp\/v2\/product_cat?post=15920"},{"taxonomy":"product_tag","embeddable":true,"href":"https:\/\/buyandget.shop\/fr\/wp-json\/wp\/v2\/product_tag?post=15920"}],"curies":[{"name":"wp","href":"https:\/\/api.w.org\/{rel}","templated":true}]}}