{"id":16756,"date":"2024-05-28T08:49:46","date_gmt":"2024-05-28T07:49:46","guid":{"rendered":"https:\/\/buyandget.shop\/?post_type=product&#038;p=16756"},"modified":"2024-05-28T08:50:07","modified_gmt":"2024-05-28T07:50:07","slug":"special-k-shock-black","status":"publish","type":"product","link":"https:\/\/buyandget.shop\/fr\/product\/special-k-shock-black\/","title":{"rendered":"SPECIAL K &#8211; Shock Black"},"content":{"rendered":"<h2 class=\"product__title-details\" style=\"font-family: ApercuPro, sans-serif; line-height: 20px; padding: 5px 0px 5px 20px; font-size: 18px; background-color: #f2f2f2; width: 939px; height: 45px; text-transform: uppercase; color: #303030;\">INGREDIENTS<\/h2>\n<h5>\u00a0 \u00a0 \u00a0 \u00a0Riz (41%), BL\u00c9 complet (32%), chocolat noir (13%) (p\u00e2te de cacao, sucre, mati\u00e8re grasse du LAIT, \u00e9mulsifiant {l\u00e9cithine de tournesol}), sucre, ORGE (4%), farine d&#8217;ORGE malt\u00e9e, sel, extrait de malt d&#8217;ORGE, niacine, fer, zinc, riboflavine, thiamine, vitamine B6, acide folique, vitamine D, vitamine B12.<\/h5>\n<h6 class=\"product__title-details\" style=\"font-family: ApercuPro, sans-serif; line-height: 20px; padding: 5px 0px 5px 20px; font-size: 18px; background-color: #f2f2f2; width: 939px; height: 45px; text-transform: uppercase; color: #303030;\">CONSERVATION<\/h6>\n<h5>\u00a0 \u00a0 \u00a0 \u00a0To be stored in a cool dry place<\/h5>\n<h6 class=\"product__title-details\" style=\"font-family: ApercuPro, sans-serif; line-height: 20px; padding: 5px 0px 5px 20px; font-size: 18px; background-color: #f2f2f2; width: 939px; height: 45px; text-transform: uppercase; color: #303030; text-align: left;\">ALLERGENS<\/h6>\n<h5>\u00a0 \u00a0 \u00a0\u00a0This product contains : Gluten, Lactose<\/h5>\n<h6 class=\"product__title-details\" style=\"font-family: ApercuPro, sans-serif; line-height: 20px; padding: 5px 0px 5px 20px; font-size: 18px; background-color: #f2f2f2; width: 939px; height: 45px; text-transform: uppercase; color: #303030;\">NUTRITIONAL INFORMATION<\/h6>\n<h5>\u00a0 \u00a0 \u00a0 \u00a0<span style=\"text-decoration: underline;\">\u00a0Not Cooked\u00a0&#8211;\u00a0Average Nutritional Value per 100g\u00a0<\/span><\/h5>\n<h5>\u00a0 \u00a0 \u00a0 \u00a0 \u00a0Energy kcal : 424 kcal<\/h5>\n<h5>\u00a0 \u00a0 \u00a0 \u00a0 \u00a0Total Fat : 6.1 g<\/h5>\n<h5>\u00a0 \u00a0 \u00a0 \u00a0 \u00a0Fat : 3.2 g<\/h5>\n<h5>\u00a0 \u00a0 \u00a0 \u00a0 \u00a0Carbohydrates : 81 g<\/h5>\n<h5>\u00a0 \u00a0 \u00a0 \u00a0 \u00a0 Sugar : 17 g<\/h5>\n<h5>\u00a0 \u00a0 \u00a0 \u00a0 \u00a0 Fiber : 6 g<\/h5>\n<h5>\u00a0 \u00a0 \u00a0 \u00a0 \u00a0 Protein : 8.2 g<\/h5>\n<h5>\u00a0 \u00a0 \u00a0 \u00a0 \u00a0 Salt : 0.64 g<\/h5>\n<h5>\u00a0 \u00a0 \u00a0 \u00a0 \u00a0 Energy kJ : 1790 kJ<\/h5>\n<h5>\u00a0 \u00a0 \u00a0 \u00a0\u00a0<span style=\"text-decoration: underline;\">Not Cooked &#8211;\u00a0Average Nutritional Value per portion (30 g)<\/span><\/h5>\n<h5>\u00a0 \u00a0 \u00a0 \u00a0 \u00a0Energy kcal : 127 kcal<\/h5>\n<h5>\u00a0 \u00a0 \u00a0 \u00a0 \u00a0Total Fat : 1.8 g<\/h5>\n<h5>\u00a0 \u00a0 \u00a0 \u00a0 \u00a0Fat : 1 g<\/h5>\n<h5>\u00a0 \u00a0 \u00a0 \u00a0 \u00a0Carbohydrates : 24 g<\/h5>\n<h5>\u00a0 \u00a0 \u00a0 \u00a0 \u00a0 Sugar : 5.1 g<\/h5>\n<h5>\u00a0 \u00a0 \u00a0 \u00a0 \u00a0 Fiber : 1.8 g<\/h5>\n<h5>\u00a0 \u00a0 \u00a0 \u00a0 \u00a0 Protein : 2.5 g<\/h5>\n<h5>\u00a0 \u00a0 \u00a0 \u00a0 \u00a0 Salt : 0.19 g<\/h5>\n<h5>\u00a0 \u00a0 \u00a0 \u00a0 \u00a0 Energy kJ : 537 kJ<\/h5>\n<h5><em>\u00a0\u00a0<\/em>*Reference intake for a typical adult (8400 kJ\/2000 kcal)<\/h5>\n","protected":false},"excerpt":{"rendered":"<p>INGREDIENTS \u00a0 \u00a0 \u00a0 \u00a0Riz (41%), BL\u00c9 complet (32%), chocolat noir (13%) (p\u00e2te de cacao, sucre, mati\u00e8re grasse du LAIT,<\/p>\n","protected":false},"featured_media":16801,"template":"","meta":[],"product_brand":[],"product_cat":[103],"product_tag":[],"class_list":{"0":"post-16756","1":"product","2":"type-product","3":"status-publish","4":"has-post-thumbnail","6":"product_cat-cereales","8":"first","9":"instock","10":"shipping-taxable","11":"product-type-simple"},"_links":{"self":[{"href":"https:\/\/buyandget.shop\/fr\/wp-json\/wp\/v2\/product\/16756","targetHints":{"allow":["GET"]}}],"collection":[{"href":"https:\/\/buyandget.shop\/fr\/wp-json\/wp\/v2\/product"}],"about":[{"href":"https:\/\/buyandget.shop\/fr\/wp-json\/wp\/v2\/types\/product"}],"version-history":[{"count":1,"href":"https:\/\/buyandget.shop\/fr\/wp-json\/wp\/v2\/product\/16756\/revisions"}],"predecessor-version":[{"id":16802,"href":"https:\/\/buyandget.shop\/fr\/wp-json\/wp\/v2\/product\/16756\/revisions\/16802"}],"wp:featuredmedia":[{"embeddable":true,"href":"https:\/\/buyandget.shop\/fr\/wp-json\/wp\/v2\/media\/16801"}],"wp:attachment":[{"href":"https:\/\/buyandget.shop\/fr\/wp-json\/wp\/v2\/media?parent=16756"}],"wp:term":[{"taxonomy":"product_brand","embeddable":true,"href":"https:\/\/buyandget.shop\/fr\/wp-json\/wp\/v2\/product_brand?post=16756"},{"taxonomy":"product_cat","embeddable":true,"href":"https:\/\/buyandget.shop\/fr\/wp-json\/wp\/v2\/product_cat?post=16756"},{"taxonomy":"product_tag","embeddable":true,"href":"https:\/\/buyandget.shop\/fr\/wp-json\/wp\/v2\/product_tag?post=16756"}],"curies":[{"name":"wp","href":"https:\/\/api.w.org\/{rel}","templated":true}]}}